{"id":740,"date":"2026-03-17T15:52:44","date_gmt":"2026-03-17T15:52:44","guid":{"rendered":"https:\/\/cybergeniushub.it\/kontakte\/"},"modified":"2026-04-30T05:57:08","modified_gmt":"2026-04-30T05:57:08","slug":"kontakte","status":"publish","type":"page","link":"https:\/\/cybergeniushub.it\/de\/kontakte\/","title":{"rendered":"KONTAKTE"},"content":{"rendered":"\t\t<div data-elementor-type=\"wp-page\" data-elementor-id=\"740\" class=\"elementor elementor-740 elementor-33\" data-elementor-post-type=\"page\">\n\t\t\t\t<div class=\"elementor-element elementor-element-acbbfc3 e-flex e-con-boxed e-con e-parent\" data-id=\"acbbfc3\" data-element_type=\"container\" data-e-type=\"container\">\n\t\t\t\t\t<div class=\"e-con-inner\">\n\t\t<div class=\"elementor-element elementor-element-9e35cba e-con-full e-flex e-con e-child\" data-id=\"9e35cba\" data-element_type=\"container\" data-e-type=\"container\">\n\t\t\t\t<div class=\"elementor-element elementor-element-ad4942d elementor-widget elementor-widget-heading\" data-id=\"ad4942d\" data-element_type=\"widget\" data-e-type=\"widget\" data-widget_type=\"heading.default\">\n\t\t\t\t\t<h1 class=\"elementor-heading-title elementor-size-default\">Kontaktieren Sie uns<\/h1>\t\t\t\t<\/div>\n\t\t<div class=\"elementor-element elementor-element-54fdd49 e-con-full e-flex e-con e-child\" data-id=\"54fdd49\" data-element_type=\"container\" data-e-type=\"container\" data-settings=\"{&quot;background_background&quot;:&quot;classic&quot;}\">\n\t\t\t\t<div class=\"elementor-element elementor-element-0c94aef elementor-widget elementor-widget-text-editor\" data-id=\"0c94aef\" data-element_type=\"widget\" data-e-type=\"widget\" data-widget_type=\"text-editor.default\">\n\t\t\t\t\t\t\t\t\t<p>F\u00fcllen Sie das Formular aus oder schreiben Sie uns direkt, um Informationen zu erhalten, ein Beratungsgespr\u00e4ch anzufordern oder herauszufinden, wo Sie Ihren Bed\u00fcrfnissen entsprechend beginnen k\u00f6nnen.<\/p>\t\t\t\t\t\t\t\t<\/div>\n\t\t<div class=\"elementor-element elementor-element-152890a e-con-full e-flex e-con e-child\" data-id=\"152890a\" data-element_type=\"container\" data-e-type=\"container\" data-settings=\"{&quot;background_background&quot;:&quot;classic&quot;}\">\n\t\t\t\t<div class=\"elementor-element elementor-element-d536f4a elementor-widget elementor-widget-heading\" data-id=\"d536f4a\" data-element_type=\"widget\" data-e-type=\"widget\" data-widget_type=\"heading.default\">\n\t\t\t\t\t<h4 class=\"elementor-heading-title elementor-size-default\">Telefon<\/h4>\t\t\t\t<\/div>\n\t\t\t\t<div class=\"elementor-element elementor-element-4bbb21d elementor-widget elementor-widget-text-editor\" data-id=\"4bbb21d\" data-element_type=\"widget\" data-e-type=\"widget\" data-widget_type=\"text-editor.default\">\n\t\t\t\t\t\t\t\t\t<p>(+39) 348 950 5887<\/p>\t\t\t\t\t\t\t\t<\/div>\n\t\t\t\t<\/div>\n\t\t<div class=\"elementor-element elementor-element-5d04b99 e-con-full e-flex e-con e-child\" data-id=\"5d04b99\" data-element_type=\"container\" data-e-type=\"container\" data-settings=\"{&quot;background_background&quot;:&quot;classic&quot;}\">\n\t\t\t\t<div class=\"elementor-element elementor-element-cd409ab elementor-widget elementor-widget-heading\" data-id=\"cd409ab\" data-element_type=\"widget\" data-e-type=\"widget\" data-widget_type=\"heading.default\">\n\t\t\t\t\t<h4 class=\"elementor-heading-title elementor-size-default\">E-Mail<\/h4>\t\t\t\t<\/div>\n\t\t\t\t<div class=\"elementor-element elementor-element-a7354bc elementor-widget elementor-widget-text-editor\" data-id=\"a7354bc\" data-element_type=\"widget\" data-e-type=\"widget\" data-widget_type=\"text-editor.default\">\n\t\t\t\t\t\t\t\t\t<p>info@cybergeniushub.com<\/p>\t\t\t\t\t\t\t\t<\/div>\n\t\t\t\t<\/div>\n\t\t\t\t<\/div>\n\t\t\t\t<\/div>\n\t\t<div class=\"elementor-element elementor-element-959add4 e-con-full e-flex e-con e-child\" data-id=\"959add4\" data-element_type=\"container\" data-e-type=\"container\">\n\t\t\t\t<div class=\"elementor-element elementor-element-e424244 cyber-form elementor-button-align-stretch elementor-widget elementor-widget-form\" data-id=\"e424244\" data-element_type=\"widget\" data-e-type=\"widget\" data-settings=\"{&quot;step_next_label&quot;:&quot;N\\u00e4chste&quot;,&quot;step_previous_label&quot;:&quot;Vorherige&quot;,&quot;button_width&quot;:&quot;100&quot;,&quot;step_type&quot;:&quot;number_text&quot;,&quot;step_icon_shape&quot;:&quot;circle&quot;}\" data-widget_type=\"form.default\">\n\t\t\t\t\t\t\t<form class=\"elementor-form\" method=\"post\" name=\"Neues Modul\" aria-label=\"Neues Modul\">\n\t\t\t<input type=\"hidden\" name=\"post_id\" value=\"740\"\/>\n\t\t\t<input type=\"hidden\" name=\"form_id\" value=\"e424244\"\/>\n\t\t\t<input type=\"hidden\" name=\"referer_title\" value=\"KONTAKTE - Cybergeniushub\" \/>\n\n\t\t\t\t\t\t\t<input type=\"hidden\" name=\"queried_id\" value=\"740\"\/>\n\t\t\t\n\t\t\t<div class=\"elementor-form-fields-wrapper elementor-labels-above\">\n\t\t\t\t\t\t\t\t<div class=\"elementor-field-type-text elementor-field-group elementor-column elementor-field-group-name elementor-col-100\">\n\t\t\t\t\t\t\t\t\t\t\t\t<label for=\"form-field-name\" class=\"elementor-field-label\">\n\t\t\t\t\t\t\t\tName\t\t\t\t\t\t\t<\/label>\n\t\t\t\t\t\t\t\t\t\t\t\t\t\t<input size=\"1\" type=\"text\" name=\"form_fields[name]\" id=\"form-field-name\" class=\"elementor-field elementor-size-sm  elementor-field-textual\">\n\t\t\t\t\t\t\t\t\t\t\t<\/div>\n\t\t\t\t\t\t\t\t<div class=\"elementor-field-type-tel elementor-field-group elementor-column elementor-field-group-email elementor-col-100 elementor-field-required\">\n\t\t\t\t\t\t\t\t\t\t\t\t<label for=\"form-field-email\" class=\"elementor-field-label\">\n\t\t\t\t\t\t\t\tTelefon\t\t\t\t\t\t\t<\/label>\n\t\t\t\t\t\t\t\t<input size=\"1\" type=\"tel\" name=\"form_fields[email]\" id=\"form-field-email\" class=\"elementor-field elementor-size-sm  elementor-field-textual\" required=\"required\" pattern=\"[0-9()#&amp;+*-=.]+\" title=\"Nur Nummern oder Telefon-Zeichen (#, -, *, etc) werden akzeptiert.\">\n\n\t\t\t\t\t\t<\/div>\n\t\t\t\t\t\t\t\t<div class=\"elementor-field-type-email elementor-field-group elementor-column elementor-field-group-field_18fb0c6 elementor-col-100\">\n\t\t\t\t\t\t\t\t\t\t\t\t<label for=\"form-field-field_18fb0c6\" class=\"elementor-field-label\">\n\t\t\t\t\t\t\t\tE-Mail\t\t\t\t\t\t\t<\/label>\n\t\t\t\t\t\t\t\t\t\t\t\t\t\t<input size=\"1\" type=\"email\" name=\"form_fields[field_18fb0c6]\" id=\"form-field-field_18fb0c6\" class=\"elementor-field elementor-size-sm  elementor-field-textual\">\n\t\t\t\t\t\t\t\t\t\t\t<\/div>\n\t\t\t\t\t\t\t\t<div class=\"elementor-field-type-checkbox elementor-field-group elementor-column elementor-field-group-field_47dc77e elementor-col-100\">\n\t\t\t\t\t\t\t\t\t\t\t\t<label for=\"form-field-field_47dc77e\" class=\"elementor-field-label\">\n\t\t\t\t\t\t\t\tWie k\u00f6nnen wir Ihnen helfen?\t\t\t\t\t\t\t<\/label>\n\t\t\t\t\t\t<div class=\"elementor-field-subgroup  elementor-subgroup-inline\"><span class=\"elementor-field-option\"><input type=\"checkbox\" value=\"KI-L\u00f6sungen\" id=\"form-field-field_47dc77e-0\" name=\"form_fields[field_47dc77e][]\"> <label for=\"form-field-field_47dc77e-0\">KI-L\u00f6sungen<\/label><\/span><span class=\"elementor-field-option\"><input type=\"checkbox\" value=\"Cybersecurity\" id=\"form-field-field_47dc77e-1\" name=\"form_fields[field_47dc77e][]\"> <label for=\"form-field-field_47dc77e-1\">Cybersecurity<\/label><\/span><span class=\"elementor-field-option\"><input type=\"checkbox\" value=\"Schulungskurse\" id=\"form-field-field_47dc77e-2\" name=\"form_fields[field_47dc77e][]\"> <label for=\"form-field-field_47dc77e-2\">Schulungskurse<\/label><\/span><span class=\"elementor-field-option\"><input type=\"checkbox\" value=\"Allgemeine Informationen\" id=\"form-field-field_47dc77e-3\" name=\"form_fields[field_47dc77e][]\"> <label for=\"form-field-field_47dc77e-3\">Allgemeine Informationen<\/label><\/span><\/div>\t\t\t\t<\/div>\n\t\t\t\t\t\t\t\t<div class=\"elementor-field-type-textarea elementor-field-group elementor-column elementor-field-group-message elementor-col-100\">\n\t\t\t\t\t\t\t\t\t\t\t\t<label for=\"form-field-message\" class=\"elementor-field-label\">\n\t\t\t\t\t\t\t\tNachricht\t\t\t\t\t\t\t<\/label>\n\t\t\t\t\t\t<textarea class=\"elementor-field-textual elementor-field  elementor-size-sm\" name=\"form_fields[message]\" id=\"form-field-message\" rows=\"4\" placeholder=\"Nachricht\"><\/textarea>\t\t\t\t<\/div>\n\t\t\t\t\t\t\t\t<div class=\"elementor-field-group elementor-column elementor-field-type-submit elementor-col-100 e-form__buttons\">\n\t\t\t\t\t<button class=\"elementor-button elementor-size-sm\" type=\"submit\">\n\t\t\t\t\t\t<span class=\"elementor-button-content-wrapper\">\n\t\t\t\t\t\t\t\t\t\t\t\t\t\t\t\t\t\t\t\t\t\t<span class=\"elementor-button-text\">Senden Sie<\/span>\n\t\t\t\t\t\t\t\t\t\t\t\t\t<\/span>\n\t\t\t\t\t<\/button>\n\t\t\t\t<\/div>\n\t\t\t<\/div>\n\t\t<\/form>\n\t\t\t\t\t\t<\/div>\n\t\t\t\t<\/div>\n\t\t\t\t\t<\/div>\n\t\t\t\t<\/div>\n\t\t\t\t<\/div>\n\t\t","protected":false},"excerpt":{"rendered":"<p>Kontaktieren Sie uns F\u00fcllen Sie das Formular aus oder schreiben Sie uns direkt, um Informationen zu erhalten, ein Beratungsgespr\u00e4ch anzufordern oder herauszufinden, wo Sie Ihren Bed\u00fcrfnissen entsprechend beginnen k\u00f6nnen. Telefon (+39) 348 950 5887 E-Mail info@cybergeniushub.com<\/p>\n","protected":false},"author":2,"featured_media":0,"parent":0,"menu_order":0,"comment_status":"closed","ping_status":"closed","template":"","meta":{"footnotes":""},"class_list":["post-740","page","type-page","status-publish","hentry"],"_links":{"self":[{"href":"https:\/\/cybergeniushub.it\/de\/wp-json\/wp\/v2\/pages\/740","targetHints":{"allow":["GET"]}}],"collection":[{"href":"https:\/\/cybergeniushub.it\/de\/wp-json\/wp\/v2\/pages"}],"about":[{"href":"https:\/\/cybergeniushub.it\/de\/wp-json\/wp\/v2\/types\/page"}],"author":[{"embeddable":true,"href":"https:\/\/cybergeniushub.it\/de\/wp-json\/wp\/v2\/users\/2"}],"replies":[{"embeddable":true,"href":"https:\/\/cybergeniushub.it\/de\/wp-json\/wp\/v2\/comments?post=740"}],"version-history":[{"count":1,"href":"https:\/\/cybergeniushub.it\/de\/wp-json\/wp\/v2\/pages\/740\/revisions"}],"predecessor-version":[{"id":741,"href":"https:\/\/cybergeniushub.it\/de\/wp-json\/wp\/v2\/pages\/740\/revisions\/741"}],"wp:attachment":[{"href":"https:\/\/cybergeniushub.it\/de\/wp-json\/wp\/v2\/media?parent=740"}],"curies":[{"name":"wp","href":"https:\/\/api.w.org\/{rel}","templated":true}]}}