{"id":746,"date":"2026-03-24T09:33:40","date_gmt":"2026-03-24T09:33:40","guid":{"rendered":"https:\/\/cybergeniushub.it\/cookie-politik\/"},"modified":"2026-04-30T05:57:46","modified_gmt":"2026-04-30T05:57:46","slug":"cookie-politik","status":"publish","type":"page","link":"https:\/\/cybergeniushub.it\/de\/cookie-politik\/","title":{"rendered":"COOKIE-POLITIK"},"content":{"rendered":"\t\t<div data-elementor-type=\"wp-page\" data-elementor-id=\"746\" class=\"elementor elementor-746 elementor-208\" data-elementor-post-type=\"page\">\n\t\t\t\t<div class=\"elementor-element elementor-element-4dee10e3 e-flex e-con-boxed e-con e-parent\" data-id=\"4dee10e3\" data-element_type=\"container\" data-e-type=\"container\" data-settings=\"{&quot;background_background&quot;:&quot;gradient&quot;}\">\n\t\t\t\t\t<div class=\"e-con-inner\">\n\t\t\t\t<div class=\"elementor-element elementor-element-3b851c87 elementor-widget elementor-widget-heading\" data-id=\"3b851c87\" data-element_type=\"widget\" data-e-type=\"widget\" data-widget_type=\"heading.default\">\n\t\t\t\t\t<h1 class=\"elementor-heading-title elementor-size-default\">COOKIE-POLITIK<\/h1>\t\t\t\t<\/div>\n\t\t\t\t\t<\/div>\n\t\t\t\t<\/div>\n\t\t<div class=\"elementor-element elementor-element-dc7f0d e-flex e-con-boxed e-con e-parent\" data-id=\"dc7f0d\" data-element_type=\"container\" data-e-type=\"container\">\n\t\t\t\t\t<div class=\"e-con-inner\">\n\t\t\t\t<div class=\"elementor-element elementor-element-381663b elementor-widget elementor-widget-text-editor\" data-id=\"381663b\" data-element_type=\"widget\" data-e-type=\"widget\" data-widget_type=\"text-editor.default\">\n\t\t\t\t\t\t\t\t\t<p data-start=\"131\" data-end=\"163\">Zuletzt aktualisiert: <strong>M\u00e4rz 2026<\/strong><\/p><p data-start=\"165\" data-end=\"344\">Diese Cookie-Richtlinie beschreibt die Verwendung von Cookies durch <a class=\"decorated-link\" href=\"https:\/\/cybergeniushub.it\/?utm_source=chatgpt.com\" target=\"_new\" rel=\"noopener\" data-start=\"240\" data-end=\"266\">www.cybergeniushub.it,<\/a> in \u00dcbereinstimmung mit der Verordnung (EU) 2016\/679 (GDPR) und der ePrivacy-Verordnung.<\/p><h2 data-section-id=\"pw7xzo\" data-start=\"351\" data-end=\"375\">1. Was sind Cookies<\/h2><p data-start=\"377\" data-end=\"563\">Cookies sind Textdateien, die Websites auf dem Ger\u00e4t des Benutzers speichern, um das Surferlebnis zu verbessern, statistische Daten zu sammeln und personalisierte Inhalte anzubieten.<\/p><h2 data-section-id=\"132ib9n\" data-start=\"570\" data-end=\"606\">2. Verwendete Arten von Cookies<\/h2><p data-start=\"608\" data-end=\"657\">Die Website verwendet die folgenden Kategorien von Cookies:<\/p><h3 data-section-id=\"18mn9jf\" data-start=\"659\" data-end=\"689\">Technische Cookies (notwendig)<\/h3><p data-start=\"690\" data-end=\"791\">Diese Cookies sind f\u00fcr das Funktionieren der Website unerl\u00e4sslich und bed\u00fcrfen nicht der Zustimmung des Benutzers.<\/p><p data-start=\"793\" data-end=\"805\">Sie werden verwendet f\u00fcr:<\/p><ul data-start=\"806\" data-end=\"871\"><li data-section-id=\"1oi1cxq\" data-start=\"806\" data-end=\"829\">Website-Navigation;<\/li><li data-section-id=\"f6yhzx\" data-start=\"830\" data-end=\"858\">Verwaltung der Pr\u00e4ferenzen;<\/li><li data-section-id=\"1aeu7ks\" data-start=\"859\" data-end=\"871\">Sicherheit.<\/li><\/ul><h3 data-section-id=\"1m8ajeo\" data-start=\"878\" data-end=\"917\">Analytische Cookies (Google Analytics)<\/h3><p data-start=\"919\" data-end=\"1044\">Die Website verwendet Google Analytics, einen Dienst von Google LLC, um statistische Daten \u00fcber die Nutzung der Website zu sammeln.<\/p><p data-start=\"1046\" data-end=\"1098\">Diese Cookies k\u00f6nnen Informationen wie z.B. folgende sammeln:<\/p><ul data-start=\"1099\" data-end=\"1197\"><li data-section-id=\"1xa4z9i\" data-start=\"1099\" data-end=\"1117\">besuchte Seiten;<\/li><li data-section-id=\"1efkl8o\" data-start=\"1118\" data-end=\"1140\">Verweilzeit;<\/li><li data-section-id=\"gwsdat\" data-start=\"1141\" data-end=\"1168\">Quelle des Verkehrs;<\/li><li data-section-id=\"x337dt\" data-start=\"1169\" data-end=\"1197\">Benutzerverhalten.<\/li><\/ul><p data-start=\"1199\" data-end=\"1270\">Wenn sie nicht anonymisiert sind, werden sie nur mit der Zustimmung des Nutzers aktiviert.<\/p><h3 data-section-id=\"16lrtrq\" data-start=\"1277\" data-end=\"1315\">Profilierungs- und Marketing-Cookies<\/h3><p data-start=\"1317\" data-end=\"1395\">Die Website verwendet Werbetools, um personalisierte Inhalte anzuzeigen.<\/p><p data-start=\"1397\" data-end=\"1456\">Meta Pixel (Facebook und Instagram Ads) wird f\u00fcr verwendet:<\/p><ul data-start=\"1457\" data-end=\"1559\"><li data-section-id=\"gjj5lf\" data-start=\"1457\" data-end=\"1484\">Konversionen verfolgen;<\/li><li data-section-id=\"1phb6ec\" data-start=\"1485\" data-end=\"1518\">ma\u00dfgeschneiderte Zielgruppen erstellen;<\/li><li data-section-id=\"v5t408\" data-start=\"1519\" data-end=\"1559\">Werbekampagnen zu optimieren.<\/li><\/ul><p data-start=\"1561\" data-end=\"1593\">Google Ads wird verwendet f\u00fcr:<\/p><ul data-start=\"1594\" data-end=\"1677\"><li data-section-id=\"11sjr1c\" data-start=\"1594\" data-end=\"1608\">Remarketing;<\/li><li data-section-id=\"eqkil0\" data-start=\"1609\" data-end=\"1642\">Conversion Tracking;<\/li><li data-section-id=\"yquhg2\" data-start=\"1643\" data-end=\"1677\">Personalisierung von Anzeigen.<\/li><\/ul><p data-start=\"1679\" data-end=\"1756\">Diese Cookies werden nur nach ausdr\u00fccklicher Zustimmung des Benutzers installiert.<\/p><h3 data-section-id=\"137c8od\" data-start=\"1763\" data-end=\"1788\">Cookies von Dritten<\/h3><p data-start=\"1790\" data-end=\"1897\">Die Website verwendet Dienste von Drittanbietern, die Cookies auf dem Ger\u00e4t des Benutzers installieren k\u00f6nnen, einschlie\u00dflich:<\/p><ul data-start=\"1899\" data-end=\"1988\"><li data-section-id=\"3t8mli\" data-start=\"1899\" data-end=\"1943\">Google LLC (Google Analytics und Google Ads)<\/li><li data-section-id=\"1fsrfnr\" data-start=\"1944\" data-end=\"1988\">Meta Platforms Inc. (Facebook und Instagram) <\/li><\/ul><p data-start=\"1990\" data-end=\"2079\">Die von diesen Parteien gesammelten Daten werden gem\u00e4\u00df ihren jeweiligen Datenschutzrichtlinien verarbeitet.<\/p><h2 data-section-id=\"hi9vwb\" data-start=\"2086\" data-end=\"2113\">3. Verwaltung der Einverst\u00e4ndniserkl\u00e4rung<\/h2><p data-start=\"2115\" data-end=\"2187\">Wenn Sie zum ersten Mal auf die Website zugreifen, wird dem Benutzer ein Banner angezeigt, das ihm die M\u00f6glichkeit gibt:<\/p><ul data-start=\"2189\" data-end=\"2275\"><li data-section-id=\"11gfbt0\" data-start=\"2189\" data-end=\"2216\">alle Cookies akzeptieren;<\/li><li data-section-id=\"1q6gvk0\" data-start=\"2217\" data-end=\"2250\">lehnen Sie unn\u00f6tige ab;<\/li><li data-section-id=\"w11owm\" data-start=\"2251\" data-end=\"2275\">Einstellungen verwalten.<\/li><\/ul><p data-start=\"2277\" data-end=\"2388\">Die Zustimmung kann jederzeit \u00fcber das Banner oder die entsprechenden Einstellungen ge\u00e4ndert oder widerrufen werden.<\/p><h2 data-section-id=\"1my6uoj\" data-start=\"2395\" data-end=\"2431\">4. Rechtsgrundlage der Verarbeitung<\/h2><ul data-start=\"2433\" data-end=\"2566\"><li data-section-id=\"1ubdwwq\" data-start=\"2433\" data-end=\"2471\">technische Cookies: berechtigtes Interesse;<\/li><li data-section-id=\"92ytmv\" data-start=\"2472\" data-end=\"2518\">nicht-anonymisierte analytische Cookies: Zustimmung;<\/li><li data-section-id=\"nnq20a\" data-start=\"2519\" data-end=\"2566\">Profiling- und Marketing-Cookies: Zustimmung.<\/li><\/ul><h2 data-section-id=\"yijg04\" data-start=\"2573\" data-end=\"2605\">5. Wie Sie Cookies deaktivieren<\/h2><p data-start=\"2607\" data-end=\"2704\">Benutzer k\u00f6nnen Cookies direkt in ihren Browsereinstellungen verwalten oder deaktivieren.<\/p><p data-start=\"2706\" data-end=\"2797\">Die Deaktivierung technischer Cookies kann das ordnungsgem\u00e4\u00dfe Funktionieren der Website beeintr\u00e4chtigen.<\/p><h2 data-section-id=\"1xrbfw7\" data-start=\"2804\" data-end=\"2834\">6. Datenkontrolleur<\/h2><p data-start=\"2836\" data-end=\"2973\"><strong>Emanuele Ambrogio Cislaghi<\/strong><br data-start=\"2870\" data-end=\"2873\"\/>Via Della Repubblica 1, 20044 Arese (MI)<br data-start=\"2903\" data-end=\"2906\"\/>E-Mail: info@cybergeniushub.com<br data-start=\"2930\" data-end=\"2933\"\/>MwSt.-Nr.: 10946060968<\/p><h2 data-section-id=\"v6lgrk\" data-start=\"2980\" data-end=\"3005\">7. Benutzerrechte<\/h2><p data-start=\"3007\" data-end=\"3068\">Benutzer k\u00f6nnen ihre Rechte gem\u00e4\u00df der GDPR aus\u00fcben, einschlie\u00dflich:<\/p><ul data-start=\"3070\" data-end=\"3284\"><li data-section-id=\"gc6cp4\" data-start=\"3070\" data-end=\"3088\">Zugang zu Daten;<\/li><li data-section-id=\"bbb3lf\" data-start=\"3089\" data-end=\"3117\">Berichtigung oder L\u00f6schung;<\/li><li data-section-id=\"1rn7cpy\" data-start=\"3118\" data-end=\"3148\">Einschr\u00e4nkung der Verarbeitung;<\/li><li data-section-id=\"wfefgo\" data-start=\"3149\" data-end=\"3178\">Widerspruch gegen die Verarbeitung;<\/li><li data-section-id=\"1enk56p\" data-start=\"3179\" data-end=\"3202\">\u00dcbertragbarkeit von Daten;<\/li><li data-section-id=\"1itkhn8\" data-start=\"3203\" data-end=\"3225\">Widerruf der Zustimmung;<\/li><li data-section-id=\"tjgbh6\" data-start=\"3226\" data-end=\"3284\">Beschwerde bei der Garante per la Protezione dei Dati Personali.<\/li><\/ul><p data-start=\"3286\" data-end=\"3341\">Zur Aus\u00fcbung dieser Rechte:<br data-start=\"3314\" data-end=\"3317\"\/>E-Mail: info@cybergeniushub.com<\/p><h2 data-section-id=\"1ohch3r\" data-start=\"3348\" data-end=\"3391\">8. \u00c4nderungen an dieser Cookie-Richtlinie<\/h2><p data-start=\"3393\" data-end=\"3491\">Diese Cookie-Richtlinie kann aktualisiert werden. \u00c4nderungen werden auf dieser Seite ver\u00f6ffentlicht. <\/p>\t\t\t\t\t\t\t\t<\/div>\n\t\t\t\t\t<\/div>\n\t\t\t\t<\/div>\n\t\t\t\t<\/div>\n\t\t","protected":false},"excerpt":{"rendered":"<p>COOKIE-POLITIK Zuletzt aktualisiert: M\u00e4rz 2026 Diese Cookie-Richtlinie beschreibt die Verwendung von Cookies durch www.cybergeniushub.it, in \u00dcbereinstimmung mit der Verordnung (EU) 2016\/679 (GDPR) und der ePrivacy-Verordnung. 1. Was sind Cookies Cookies sind Textdateien, die Websites auf dem Ger\u00e4t des Benutzers speichern, um das Surferlebnis zu verbessern, statistische Daten zu sammeln und personalisierte Inhalte anzubieten. 2. Verwendete [&hellip;]<\/p>\n","protected":false},"author":2,"featured_media":0,"parent":0,"menu_order":0,"comment_status":"closed","ping_status":"closed","template":"","meta":{"footnotes":""},"class_list":["post-746","page","type-page","status-publish","hentry"],"_links":{"self":[{"href":"https:\/\/cybergeniushub.it\/de\/wp-json\/wp\/v2\/pages\/746","targetHints":{"allow":["GET"]}}],"collection":[{"href":"https:\/\/cybergeniushub.it\/de\/wp-json\/wp\/v2\/pages"}],"about":[{"href":"https:\/\/cybergeniushub.it\/de\/wp-json\/wp\/v2\/types\/page"}],"author":[{"embeddable":true,"href":"https:\/\/cybergeniushub.it\/de\/wp-json\/wp\/v2\/users\/2"}],"replies":[{"embeddable":true,"href":"https:\/\/cybergeniushub.it\/de\/wp-json\/wp\/v2\/comments?post=746"}],"version-history":[{"count":1,"href":"https:\/\/cybergeniushub.it\/de\/wp-json\/wp\/v2\/pages\/746\/revisions"}],"predecessor-version":[{"id":747,"href":"https:\/\/cybergeniushub.it\/de\/wp-json\/wp\/v2\/pages\/746\/revisions\/747"}],"wp:attachment":[{"href":"https:\/\/cybergeniushub.it\/de\/wp-json\/wp\/v2\/media?parent=746"}],"curies":[{"name":"wp","href":"https:\/\/api.w.org\/{rel}","templated":true}]}}