{"id":759,"date":"2026-03-17T15:51:11","date_gmt":"2026-03-17T15:51:11","guid":{"rendered":"https:\/\/cybergeniushub.it\/cybersecurity\/"},"modified":"2026-04-30T05:59:40","modified_gmt":"2026-04-30T05:59:40","slug":"cybersecurity","status":"publish","type":"page","link":"https:\/\/cybergeniushub.it\/de\/cybersecurity\/","title":{"rendered":"CYBERSECURITY"},"content":{"rendered":"\t\t<div data-elementor-type=\"wp-page\" data-elementor-id=\"759\" class=\"elementor elementor-759 elementor-29\" data-elementor-post-type=\"page\">\n\t\t\t\t<div class=\"elementor-element elementor-element-6002c84e e-flex e-con-boxed e-con e-parent\" data-id=\"6002c84e\" data-element_type=\"container\" data-e-type=\"container\" data-settings=\"{&quot;background_background&quot;:&quot;classic&quot;}\">\n\t\t\t\t\t<div class=\"e-con-inner\">\n\t\t\t\t<div class=\"elementor-element elementor-element-6623d99d elementor-widget elementor-widget-button\" data-id=\"6623d99d\" data-element_type=\"widget\" data-e-type=\"widget\" data-widget_type=\"button.default\">\n\t\t\t\t\t\t\t\t\t\t<a class=\"elementor-button elementor-button-link elementor-size-sm\" href=\"#\">\n\t\t\t\t\t\t<span class=\"elementor-button-content-wrapper\">\n\t\t\t\t\t\t\t\t\t<span class=\"elementor-button-text\">CYBERSECURITY<\/span>\n\t\t\t\t\t<\/span>\n\t\t\t\t\t<\/a>\n\t\t\t\t\t\t\t\t<\/div>\n\t\t\t\t<div class=\"elementor-element elementor-element-851d209 elementor-widget elementor-widget-heading\" data-id=\"851d209\" data-element_type=\"widget\" data-e-type=\"widget\" data-widget_type=\"heading.default\">\n\t\t\t\t\t<h1 class=\"elementor-heading-title elementor-size-default\">Mehr Schutz, mehr Kontrolle, weniger Anf\u00e4lligkeit f\u00fcr digitale Risiken<\/h1>\t\t\t\t<\/div>\n\t\t\t\t<div class=\"elementor-element elementor-element-46ccc2b8 elementor-widget elementor-widget-text-editor\" data-id=\"46ccc2b8\" data-element_type=\"widget\" data-e-type=\"widget\" data-widget_type=\"text-editor.default\">\n\t\t\t\t\t\t\t\t\t<p>CyberHub hilft Unternehmen, Fachleuten und Organisationen, die Cybersicherheit mit einem praktischen, klaren und anwendbaren Ansatz zu st\u00e4rken und Schwachstellen, Fehler und riskantes Verhalten zu reduzieren.<\/p>\t\t\t\t\t\t\t\t<\/div>\n\t\t\t\t\t<\/div>\n\t\t\t\t<\/div>\n\t\t<div class=\"elementor-element elementor-element-41df7aaf e-flex e-con-boxed elementor-invisible e-con e-parent\" data-id=\"41df7aaf\" data-element_type=\"container\" data-e-type=\"container\" data-settings=\"{&quot;animation&quot;:&quot;fadeInLeft&quot;}\">\n\t\t\t\t\t<div class=\"e-con-inner\">\n\t\t<div class=\"elementor-element elementor-element-5743c60 e-con-full e-flex e-con e-child\" data-id=\"5743c60\" data-element_type=\"container\" data-e-type=\"container\">\n\t\t\t\t<div class=\"elementor-element elementor-element-4b456740 elementor-widget elementor-widget-heading\" data-id=\"4b456740\" data-element_type=\"widget\" data-e-type=\"widget\" data-widget_type=\"heading.default\">\n\t\t\t\t\t<h2 class=\"elementor-heading-title elementor-size-default\">Cybersicherheit ist n\u00fctzlich, wenn sie Daten, Systeme und Menschen auf praktische Weise sch\u00fctzt<\/h2>\t\t\t\t<\/div>\n\t\t\t\t<div class=\"elementor-element elementor-element-a5e61bc elementor-widget elementor-widget-text-editor\" data-id=\"a5e61bc\" data-element_type=\"widget\" data-e-type=\"widget\" data-widget_type=\"text-editor.default\">\n\t\t\t\t\t\t\t\t\t<p data-start=\"1382\" data-end=\"1659\">Bei der IT-Sicherheit geht es nicht nur um Tools und technische Konfigurationen. Es geht auch um Verhalten, Verfahren und Bewusstsein. Um wirklich effektiv zu sein, muss sie dazu beitragen, echte Probleme zu verhindern, Schwachstellen zu verringern und die Kontrolle bei der t\u00e4glichen Arbeit zu verbessern.  <\/p><p data-start=\"1661\" data-end=\"1797\">CyberHub arbeitet daran, die Cybersicherheit klarer, zug\u00e4nglicher und anwendbarer zu machen, ohne unn\u00f6tige technische Details und Panikmache.<\/p>\t\t\t\t\t\t\t\t<\/div>\n\t\t\t\t<\/div>\n\t\t<div class=\"elementor-element elementor-element-6eca23f2 e-con-full e-flex e-con e-child\" data-id=\"6eca23f2\" data-element_type=\"container\" data-e-type=\"container\" data-settings=\"{&quot;background_background&quot;:&quot;classic&quot;}\">\n\t\t\t\t<\/div>\n\t\t\t\t\t<\/div>\n\t\t\t\t<\/div>\n\t\t<div class=\"elementor-element elementor-element-6789653c e-flex e-con-boxed elementor-invisible e-con e-parent\" data-id=\"6789653c\" data-element_type=\"container\" data-e-type=\"container\" data-settings=\"{&quot;animation&quot;:&quot;fadeInUp&quot;}\">\n\t\t\t\t\t<div class=\"e-con-inner\">\n\t\t<div class=\"elementor-element elementor-element-5f1af75f e-con-full e-flex e-con e-child\" data-id=\"5f1af75f\" data-element_type=\"container\" data-e-type=\"container\">\n\t\t\t\t<div class=\"elementor-element elementor-element-4ff45b9 elementor-widget elementor-widget-heading\" data-id=\"4ff45b9\" data-element_type=\"widget\" data-e-type=\"widget\" data-widget_type=\"heading.default\">\n\t\t\t\t\t<h2 class=\"elementor-heading-title elementor-size-default\">Konkrete Unterst\u00fctzung zur Verbesserung von Schutz, Pr\u00e4vention und Sensibilisierung<\/h2>\t\t\t\t<\/div>\n\t\t\t\t<div class=\"elementor-element elementor-element-dc2a9f1 elementor-widget elementor-widget-text-editor\" data-id=\"dc2a9f1\" data-element_type=\"widget\" data-e-type=\"widget\" data-widget_type=\"text-editor.default\">\n\t\t\t\t\t\t\t\t\t<p>CyberHub hilft bei der St\u00e4rkung der digitalen Sicherheit mit einem praktischen und verst\u00e4ndlichen Ansatz, der darauf abzielt, Risiken zu reduzieren, die Kontrolle zu erh\u00f6hen und die Cybersicherheit in der realen Welt anwendbarer zu machen.<\/p>\t\t\t\t\t\t\t\t<\/div>\n\t\t\t\t<\/div>\n\t\t<div class=\"elementor-element elementor-element-74e83957 e-con-full e-flex e-con e-child\" data-id=\"74e83957\" data-element_type=\"container\" data-e-type=\"container\">\n\t\t<div class=\"elementor-element elementor-element-42e3e2f3 e-con-full e-transform e-transform e-flex e-con e-child\" data-id=\"42e3e2f3\" data-element_type=\"container\" data-e-type=\"container\" data-settings=\"{&quot;background_background&quot;:&quot;gradient&quot;,&quot;_transform_translateY_effect_hover&quot;:{&quot;unit&quot;:&quot;px&quot;,&quot;size&quot;:-5,&quot;sizes&quot;:[]},&quot;_transform_scale_effect_hover&quot;:{&quot;unit&quot;:&quot;px&quot;,&quot;size&quot;:1.02,&quot;sizes&quot;:[]},&quot;_transform_translateX_effect_hover&quot;:{&quot;unit&quot;:&quot;px&quot;,&quot;size&quot;:&quot;&quot;,&quot;sizes&quot;:[]},&quot;_transform_translateX_effect_hover_tablet&quot;:{&quot;unit&quot;:&quot;px&quot;,&quot;size&quot;:&quot;&quot;,&quot;sizes&quot;:[]},&quot;_transform_translateX_effect_hover_mobile&quot;:{&quot;unit&quot;:&quot;px&quot;,&quot;size&quot;:&quot;&quot;,&quot;sizes&quot;:[]},&quot;_transform_translateY_effect_hover_tablet&quot;:{&quot;unit&quot;:&quot;px&quot;,&quot;size&quot;:&quot;&quot;,&quot;sizes&quot;:[]},&quot;_transform_translateY_effect_hover_mobile&quot;:{&quot;unit&quot;:&quot;px&quot;,&quot;size&quot;:&quot;&quot;,&quot;sizes&quot;:[]},&quot;_transform_scale_effect_hover_tablet&quot;:{&quot;unit&quot;:&quot;px&quot;,&quot;size&quot;:&quot;&quot;,&quot;sizes&quot;:[]},&quot;_transform_scale_effect_hover_mobile&quot;:{&quot;unit&quot;:&quot;px&quot;,&quot;size&quot;:&quot;&quot;,&quot;sizes&quot;:[]}}\">\n\t\t\t\t<div class=\"elementor-element elementor-element-17760245 elementor-widget elementor-widget-heading\" data-id=\"17760245\" data-element_type=\"widget\" data-e-type=\"widget\" data-widget_type=\"heading.default\">\n\t\t\t\t\t<h3 class=\"elementor-heading-title elementor-size-default\">Pr\u00e4vention und Schutz<\/h3>\t\t\t\t<\/div>\n\t\t\t\t<div class=\"elementor-element elementor-element-230b8667 elementor-widget elementor-widget-text-editor\" data-id=\"230b8667\" data-element_type=\"widget\" data-e-type=\"widget\" data-widget_type=\"text-editor.default\">\n\t\t\t\t\t\t\t\t\t<p data-start=\"1736\" data-end=\"1806\">Wir arbeiten daran, Schwachstellen zu identifizieren, Schwachstellen zu beseitigen und den Schutz von Daten, Zug\u00e4ngen und Systemen zu st\u00e4rken.<\/p>\t\t\t\t\t\t\t\t<\/div>\n\t\t\t\t<\/div>\n\t\t<div class=\"elementor-element elementor-element-49503fcb e-con-full e-transform e-transform e-flex e-con e-child\" data-id=\"49503fcb\" data-element_type=\"container\" data-e-type=\"container\" data-settings=\"{&quot;background_background&quot;:&quot;gradient&quot;,&quot;_transform_translateY_effect_hover&quot;:{&quot;unit&quot;:&quot;px&quot;,&quot;size&quot;:-5,&quot;sizes&quot;:[]},&quot;_transform_scale_effect_hover&quot;:{&quot;unit&quot;:&quot;px&quot;,&quot;size&quot;:1.02,&quot;sizes&quot;:[]},&quot;_transform_translateX_effect_hover&quot;:{&quot;unit&quot;:&quot;px&quot;,&quot;size&quot;:&quot;&quot;,&quot;sizes&quot;:[]},&quot;_transform_translateX_effect_hover_tablet&quot;:{&quot;unit&quot;:&quot;px&quot;,&quot;size&quot;:&quot;&quot;,&quot;sizes&quot;:[]},&quot;_transform_translateX_effect_hover_mobile&quot;:{&quot;unit&quot;:&quot;px&quot;,&quot;size&quot;:&quot;&quot;,&quot;sizes&quot;:[]},&quot;_transform_translateY_effect_hover_tablet&quot;:{&quot;unit&quot;:&quot;px&quot;,&quot;size&quot;:&quot;&quot;,&quot;sizes&quot;:[]},&quot;_transform_translateY_effect_hover_mobile&quot;:{&quot;unit&quot;:&quot;px&quot;,&quot;size&quot;:&quot;&quot;,&quot;sizes&quot;:[]},&quot;_transform_scale_effect_hover_tablet&quot;:{&quot;unit&quot;:&quot;px&quot;,&quot;size&quot;:&quot;&quot;,&quot;sizes&quot;:[]},&quot;_transform_scale_effect_hover_mobile&quot;:{&quot;unit&quot;:&quot;px&quot;,&quot;size&quot;:&quot;&quot;,&quot;sizes&quot;:[]}}\">\n\t\t\t\t<div class=\"elementor-element elementor-element-5a503d5a elementor-widget elementor-widget-heading\" data-id=\"5a503d5a\" data-element_type=\"widget\" data-e-type=\"widget\" data-widget_type=\"heading.default\">\n\t\t\t\t\t<h3 class=\"elementor-heading-title elementor-size-default\">Digitale Risiken und Betrug<\/h3>\t\t\t\t<\/div>\n\t\t\t\t<div class=\"elementor-element elementor-element-69c78177 elementor-widget elementor-widget-text-editor\" data-id=\"69c78177\" data-element_type=\"widget\" data-e-type=\"widget\" data-widget_type=\"text-editor.default\">\n\t\t\t\t\t\t\t\t\t<p data-start=\"1277\" data-end=\"1385\">Wir helfen Ihnen dabei, Bedrohungen, Phishing, unsicheres Verhalten und Fehler zu erkennen, die Menschen und Organisationen vor echte Probleme stellen k\u00f6nnen.<\/p>\t\t\t\t\t\t\t\t<\/div>\n\t\t\t\t<\/div>\n\t\t<div class=\"elementor-element elementor-element-5e10c2c6 e-con-full e-transform e-transform e-transform e-flex e-con e-child\" data-id=\"5e10c2c6\" data-element_type=\"container\" data-e-type=\"container\" data-settings=\"{&quot;background_background&quot;:&quot;gradient&quot;,&quot;_transform_translateY_effect_hover&quot;:{&quot;unit&quot;:&quot;px&quot;,&quot;size&quot;:-5,&quot;sizes&quot;:[]},&quot;_transform_scale_effect_hover&quot;:{&quot;unit&quot;:&quot;px&quot;,&quot;size&quot;:1.02,&quot;sizes&quot;:[]},&quot;_transform_translateX_effect&quot;:{&quot;unit&quot;:&quot;px&quot;,&quot;size&quot;:&quot;&quot;,&quot;sizes&quot;:[]},&quot;_transform_translateX_effect_tablet&quot;:{&quot;unit&quot;:&quot;px&quot;,&quot;size&quot;:&quot;&quot;,&quot;sizes&quot;:[]},&quot;_transform_translateX_effect_mobile&quot;:{&quot;unit&quot;:&quot;px&quot;,&quot;size&quot;:&quot;&quot;,&quot;sizes&quot;:[]},&quot;_transform_translateY_effect&quot;:{&quot;unit&quot;:&quot;px&quot;,&quot;size&quot;:&quot;&quot;,&quot;sizes&quot;:[]},&quot;_transform_translateY_effect_tablet&quot;:{&quot;unit&quot;:&quot;px&quot;,&quot;size&quot;:&quot;&quot;,&quot;sizes&quot;:[]},&quot;_transform_translateY_effect_mobile&quot;:{&quot;unit&quot;:&quot;px&quot;,&quot;size&quot;:&quot;&quot;,&quot;sizes&quot;:[]},&quot;_transform_translateX_effect_hover&quot;:{&quot;unit&quot;:&quot;px&quot;,&quot;size&quot;:&quot;&quot;,&quot;sizes&quot;:[]},&quot;_transform_translateX_effect_hover_tablet&quot;:{&quot;unit&quot;:&quot;px&quot;,&quot;size&quot;:&quot;&quot;,&quot;sizes&quot;:[]},&quot;_transform_translateX_effect_hover_mobile&quot;:{&quot;unit&quot;:&quot;px&quot;,&quot;size&quot;:&quot;&quot;,&quot;sizes&quot;:[]},&quot;_transform_translateY_effect_hover_tablet&quot;:{&quot;unit&quot;:&quot;px&quot;,&quot;size&quot;:&quot;&quot;,&quot;sizes&quot;:[]},&quot;_transform_translateY_effect_hover_mobile&quot;:{&quot;unit&quot;:&quot;px&quot;,&quot;size&quot;:&quot;&quot;,&quot;sizes&quot;:[]},&quot;_transform_scale_effect_hover_tablet&quot;:{&quot;unit&quot;:&quot;px&quot;,&quot;size&quot;:&quot;&quot;,&quot;sizes&quot;:[]},&quot;_transform_scale_effect_hover_mobile&quot;:{&quot;unit&quot;:&quot;px&quot;,&quot;size&quot;:&quot;&quot;,&quot;sizes&quot;:[]}}\">\n\t\t\t\t<div class=\"elementor-element elementor-element-64d0a592 elementor-widget elementor-widget-heading\" data-id=\"64d0a592\" data-element_type=\"widget\" data-e-type=\"widget\" data-widget_type=\"heading.default\">\n\t\t\t\t\t<h3 class=\"elementor-heading-title elementor-size-default\">Operatives Bewusstsein<\/h3>\t\t\t\t<\/div>\n\t\t\t\t<div class=\"elementor-element elementor-element-36567d1b elementor-widget elementor-widget-text-editor\" data-id=\"36567d1b\" data-element_type=\"widget\" data-e-type=\"widget\" data-widget_type=\"text-editor.default\">\n\t\t\t\t\t\t\t\t\t<p data-start=\"1154\" data-end=\"1337\">Wir machen Cybersicherheit klarer, zug\u00e4nglicher und anwendbar, um Aufmerksamkeit, Autonomie und Managementf\u00e4higkeiten im Alltag zu verbessern.<\/p>\t\t\t\t\t\t\t\t<\/div>\n\t\t\t\t<\/div>\n\t\t\t\t<\/div>\n\t\t\t\t\t<\/div>\n\t\t\t\t<\/div>\n\t\t<div class=\"elementor-element elementor-element-39404c04 e-flex e-con-boxed elementor-invisible e-con e-parent\" data-id=\"39404c04\" data-element_type=\"container\" data-e-type=\"container\" data-settings=\"{&quot;animation&quot;:&quot;fadeInRight&quot;}\">\n\t\t\t\t\t<div class=\"e-con-inner\">\n\t\t<div class=\"elementor-element elementor-element-489618b4 e-con-full e-flex e-con e-child\" data-id=\"489618b4\" data-element_type=\"container\" data-e-type=\"container\" data-settings=\"{&quot;background_background&quot;:&quot;classic&quot;}\">\n\t\t\t\t<\/div>\n\t\t<div class=\"elementor-element elementor-element-11baa64b e-con-full e-flex e-con e-child\" data-id=\"11baa64b\" data-element_type=\"container\" data-e-type=\"container\">\n\t\t\t\t<div class=\"elementor-element elementor-element-4339e931 elementor-widget elementor-widget-heading\" data-id=\"4339e931\" data-element_type=\"widget\" data-e-type=\"widget\" data-widget_type=\"heading.default\">\n\t\t\t\t\t<h2 class=\"elementor-heading-title elementor-size-default\">Mehr Schutz, mehr Kontrolle, mehr Gesch\u00e4ftskontinuit\u00e4t<\/h2>\t\t\t\t<\/div>\n\t\t\t\t<div class=\"elementor-element elementor-element-596ffe6e elementor-widget elementor-widget-text-editor\" data-id=\"596ffe6e\" data-element_type=\"widget\" data-e-type=\"widget\" data-widget_type=\"text-editor.default\">\n\t\t\t\t\t\t\t\t\t<p data-start=\"384\" data-end=\"632\">Ein richtiger Ansatz f\u00fcr die Cybersicherheit hilft, Risiken zu verringern, Fehler zu vermeiden und stabiler zu arbeiten. Digitale Sicherheit dient nicht nur der Verteidigung, sondern auch dazu, Prozesse, Tools und Verhaltensweisen auf Dauer zuverl\u00e4ssiger zu machen. <\/p><p data-start=\"634\" data-end=\"739\">CyberHub hilft, Cybersicherheit in einen konkreten Hebel f\u00fcr Schutz, Klarheit und Kontinuit\u00e4t zu verwandeln.<\/p>\t\t\t\t\t\t\t\t<\/div>\n\t\t\t\t<div class=\"elementor-element elementor-element-75c82084 elementor-widget elementor-widget-text-editor\" data-id=\"75c82084\" data-element_type=\"widget\" data-e-type=\"widget\" data-widget_type=\"text-editor.default\">\n\t\t\t\t\t\t\t\t\t<ul><li data-start=\"756\" data-end=\"790\"><strong data-start=\"758\" data-end=\"790\">Weniger Risiken ausgesetzt<\/strong><\/li><li data-start=\"791\" data-end=\"834\"><strong data-start=\"793\" data-end=\"834\">Erh\u00f6hter Schutz von Daten und Systemen<\/strong><\/li><li data-start=\"835\" data-end=\"864\"><strong data-start=\"837\" data-end=\"864\">Mehr operative Kontrolle<\/strong><\/li><li data-start=\"865\" data-end=\"907\"><strong data-start=\"867\" data-end=\"907\">Mehr Kontinuit\u00e4t in der t\u00e4glichen Arbeit<\/strong><\/li><\/ul>\t\t\t\t\t\t\t\t<\/div>\n\t\t\t\t<\/div>\n\t\t\t\t\t<\/div>\n\t\t\t\t<\/div>\n\t\t<div class=\"elementor-element elementor-element-acaac45 e-flex e-con-boxed e-con e-parent\" data-id=\"acaac45\" data-element_type=\"container\" data-e-type=\"container\">\n\t\t\t\t\t<div class=\"e-con-inner\">\n\t\t\t\t<div class=\"elementor-element elementor-element-f479456 elementor-widget elementor-widget-heading\" data-id=\"f479456\" data-element_type=\"widget\" data-e-type=\"widget\" data-widget_type=\"heading.default\">\n\t\t\t\t\t<h2 class=\"elementor-heading-title elementor-size-default\">M\u00f6chten Sie die digitale Sicherheit auf die richtige Weise st\u00e4rken?<\/h2>\t\t\t\t<\/div>\n\t\t\t\t<div class=\"elementor-element elementor-element-9121efd elementor-widget elementor-widget-text-editor\" data-id=\"9121efd\" data-element_type=\"widget\" data-e-type=\"widget\" data-widget_type=\"text-editor.default\">\n\t\t\t\t\t\t\t\t\t<p data-start=\"1175\" data-end=\"1321\">Setzen Sie sich mit uns in Verbindung, um gemeinsam die f\u00fcr Ihren Kontext am besten geeigneten L\u00f6sungen zu evaluieren und zu verstehen, wie Sie den Schutz, das Bewusstsein und die operative Kontrolle verbessern k\u00f6nnen.<\/p>\t\t\t\t\t\t\t\t<\/div>\n\t\t\t\t<div class=\"elementor-element elementor-element-23f4d694 elementor-align-center elementor-widget elementor-widget-button\" data-id=\"23f4d694\" data-element_type=\"widget\" data-e-type=\"widget\" data-widget_type=\"button.default\">\n\t\t\t\t\t\t\t\t\t\t<a class=\"elementor-button elementor-button-link elementor-size-sm\" href=\"https:\/\/cybergeniushub.it\/de\/kontakte\/\">\n\t\t\t\t\t\t<span class=\"elementor-button-content-wrapper\">\n\t\t\t\t\t\t\t\t\t<span class=\"elementor-button-text\">Kontaktieren Sie uns<\/span>\n\t\t\t\t\t<\/span>\n\t\t\t\t\t<\/a>\n\t\t\t\t\t\t\t\t<\/div>\n\t\t\t\t\t<\/div>\n\t\t\t\t<\/div>\n\t\t\t\t<\/div>\n\t\t","protected":false},"excerpt":{"rendered":"<p>CYBERSECURITY Mehr Schutz, mehr Kontrolle, weniger Anf\u00e4lligkeit f\u00fcr digitale Risiken CyberHub hilft Unternehmen, Fachleuten und Organisationen, die Cybersicherheit mit einem praktischen, klaren und anwendbaren Ansatz zu st\u00e4rken und Schwachstellen, Fehler und riskantes Verhalten zu reduzieren. Cybersicherheit ist n\u00fctzlich, wenn sie Daten, Systeme und Menschen auf praktische Weise sch\u00fctzt Bei der IT-Sicherheit geht es nicht nur [&hellip;]<\/p>\n","protected":false},"author":2,"featured_media":0,"parent":0,"menu_order":0,"comment_status":"closed","ping_status":"closed","template":"","meta":{"footnotes":""},"class_list":["post-759","page","type-page","status-publish","hentry"],"_links":{"self":[{"href":"https:\/\/cybergeniushub.it\/de\/wp-json\/wp\/v2\/pages\/759","targetHints":{"allow":["GET"]}}],"collection":[{"href":"https:\/\/cybergeniushub.it\/de\/wp-json\/wp\/v2\/pages"}],"about":[{"href":"https:\/\/cybergeniushub.it\/de\/wp-json\/wp\/v2\/types\/page"}],"author":[{"embeddable":true,"href":"https:\/\/cybergeniushub.it\/de\/wp-json\/wp\/v2\/users\/2"}],"replies":[{"embeddable":true,"href":"https:\/\/cybergeniushub.it\/de\/wp-json\/wp\/v2\/comments?post=759"}],"version-history":[{"count":1,"href":"https:\/\/cybergeniushub.it\/de\/wp-json\/wp\/v2\/pages\/759\/revisions"}],"predecessor-version":[{"id":761,"href":"https:\/\/cybergeniushub.it\/de\/wp-json\/wp\/v2\/pages\/759\/revisions\/761"}],"wp:attachment":[{"href":"https:\/\/cybergeniushub.it\/de\/wp-json\/wp\/v2\/media?parent=759"}],"curies":[{"name":"wp","href":"https:\/\/api.w.org\/{rel}","templated":true}]}}