{"id":763,"date":"2026-03-24T09:44:13","date_gmt":"2026-03-24T09:44:13","guid":{"rendered":"https:\/\/cybergeniushub.it\/datenschutzpolitik\/"},"modified":"2026-04-30T06:00:22","modified_gmt":"2026-04-30T06:00:22","slug":"datenschutzpolitik","status":"publish","type":"page","link":"https:\/\/cybergeniushub.it\/de\/datenschutzpolitik\/","title":{"rendered":"DATENSCHUTZPOLITIK"},"content":{"rendered":"\t\t<div data-elementor-type=\"wp-page\" data-elementor-id=\"763\" class=\"elementor elementor-763 elementor-211\" data-elementor-post-type=\"page\">\n\t\t\t\t<div class=\"elementor-element elementor-element-f805ef1 e-flex e-con-boxed e-con e-parent\" data-id=\"f805ef1\" data-element_type=\"container\" data-e-type=\"container\" data-settings=\"{&quot;background_background&quot;:&quot;gradient&quot;}\">\n\t\t\t\t\t<div class=\"e-con-inner\">\n\t\t\t\t<div class=\"elementor-element elementor-element-7c4d5f4 elementor-widget elementor-widget-heading\" data-id=\"7c4d5f4\" data-element_type=\"widget\" data-e-type=\"widget\" data-widget_type=\"heading.default\">\n\t\t\t\t\t<h1 class=\"elementor-heading-title elementor-size-default\">DATENSCHUTZPOLITIK<\/h1>\t\t\t\t<\/div>\n\t\t\t\t\t<\/div>\n\t\t\t\t<\/div>\n\t\t<div class=\"elementor-element elementor-element-1ce3d77 e-flex e-con-boxed e-con e-parent\" data-id=\"1ce3d77\" data-element_type=\"container\" data-e-type=\"container\">\n\t\t\t\t\t<div class=\"e-con-inner\">\n\t\t\t\t<div class=\"elementor-element elementor-element-375565b elementor-widget elementor-widget-text-editor\" data-id=\"375565b\" data-element_type=\"widget\" data-e-type=\"widget\" data-widget_type=\"text-editor.default\">\n\t\t\t\t\t\t\t\t\t<p data-start=\"508\" data-end=\"561\">Zuletzt aktualisiert: M\u00e4rz 2026<\/p><p data-start=\"563\" data-end=\"809\">Diese Datenschutzrichtlinie beschreibt, wie die Website <strong data-start=\"627\" data-end=\"657\"><a class=\"decorated-link\" href=\"https:\/\/cybergeniushub.it\/?utm_source=chatgpt.com\" target=\"_new\" rel=\"noopener\" data-start=\"629\" data-end=\"655\">www.cybergeniushub.it<\/a><\/strong> die pers\u00f6nlichen Daten der Nutzer sammelt, verwendet und sch\u00fctzt, in \u00dcbereinstimmung mit der Verordnung (EU) 2016\/679 (&#8222;GDPR&#8220;) und dem Gesetzesdekret 196\/2003 in seiner ge\u00e4nderten Fassung. <\/p><h2 data-section-id=\"1mjw2wg\" data-start=\"816\" data-end=\"846\">1. Datenkontrolleur<\/h2><p data-start=\"848\" data-end=\"897\">Der f\u00fcr die Datenverarbeitung Verantwortliche ist:<\/p><p data-start=\"899\" data-end=\"1069\"><strong data-start=\"899\" data-end=\"947\">Emanuele Ambrogio Cislaghi<\/strong><br data-start=\"947\" data-end=\"950\"\/>Hauptsitz: <strong>Via Della Repubblica 1, 20044 Arese (MI)<\/strong><br data-start=\"990\" data-end=\"993\"\/>E-Mail: <strong data-start=\"1000\" data-end=\"1021\">info@cybergeniushub.com<\/strong><br data-start=\"1021\" data-end=\"1024\"\/>P. MWST.: <strong>10946060968<\/strong><\/p><h2 data-section-id=\"i6ky7y\" data-start=\"1076\" data-end=\"1106\">2. Zweck der Verarbeitung<\/h2><p data-start=\"1108\" data-end=\"1164\">Personenbezogene Daten werden f\u00fcr die folgenden Zwecke verarbeitet:<\/p><ul data-start=\"1166\" data-end=\"1595\"><li data-section-id=\"2a5kym\" data-start=\"1166\" data-end=\"1228\">Bearbeitung von Anfragen, die \u00fcber das Kontaktformular gesendet werden;<\/li><li data-section-id=\"12oyo8p\" data-start=\"1229\" data-end=\"1278\">als Antwort auf Anfragen zu Informationszwecken oder zu kommerziellen Zwecken;<\/li><li data-section-id=\"1c6skok\" data-start=\"1279\" data-end=\"1347\">Bereitstellung von Dienstleistungen in den Bereichen <strong data-start=\"1312\" data-end=\"1346\">KI, Cybersicherheit und Schulung<\/strong>;<\/li><li data-section-id=\"cekeh2\" data-start=\"1348\" data-end=\"1382\">technische Unterst\u00fctzung und Beratung;<\/li><li data-section-id=\"hc4zxt\" data-start=\"1383\" data-end=\"1416\">Erf\u00fcllung der gesetzlichen Verpflichtungen;<\/li><li data-section-id=\"ilj60x\" data-start=\"1417\" data-end=\"1458\">Sicherheit der Website und Verhinderung von Missbrauch;<\/li><li data-section-id=\"18gqu9w\" data-start=\"1459\" data-end=\"1521\">Verbesserte Benutzerfreundlichkeit und Verkehrsanalyse;<\/li><li data-section-id=\"837dqi\" data-start=\"1522\" data-end=\"1595\">Versenden von Informations- oder Werbemitteilungen (nur wenn erlaubt).<\/li><\/ul><p data-start=\"1597\" data-end=\"1682\">Die Angabe von Daten ist freiwillig, aber notwendig, um die angeforderten Dienste zu erbringen.<\/p><h2 data-section-id=\"re7sju\" data-start=\"1689\" data-end=\"1721\">3. Arten von gesammelten Daten<\/h2><p data-start=\"1723\" data-end=\"1747\">Sie k\u00f6nnen gesammelt werden:<\/p><ul data-start=\"1749\" data-end=\"1953\"><li data-section-id=\"1b2rngd\" data-start=\"1749\" data-end=\"1766\">Vor- und Nachname;<\/li><li data-section-id=\"1k49e3l\" data-start=\"1767\" data-end=\"1785\">E-Mail Adresse;<\/li><li data-section-id=\"19m7g68\" data-start=\"1786\" data-end=\"1807\">Telefonnummer;<\/li><li data-section-id=\"69pmjw\" data-start=\"1808\" data-end=\"1841\">Inhalt der gesendeten Nachrichten;<\/li><li data-section-id=\"1w0kltq\" data-start=\"1842\" data-end=\"1894\">Daten im Zusammenhang mit Anfragen nach Beratung oder Dienstleistungen;<\/li><li data-section-id=\"1k1dwx0\" data-start=\"1895\" data-end=\"1953\">technische Daten (IP, Browser, Ger\u00e4t, Zugriffsprotokoll).<\/li><\/ul><h2 data-section-id=\"1a0gxlr\" data-start=\"1960\" data-end=\"1990\">4. Methoden der Verarbeitung<\/h2><p data-start=\"1992\" data-end=\"2133\">Die Verarbeitung erfolgt mit Hilfe computergest\u00fctzter und telematischer Instrumente unter Einhaltung der Grunds\u00e4tze der Datensicherheit, Vertraulichkeit und Integrit\u00e4t.<\/p><p data-start=\"2135\" data-end=\"2174\">Es werden Sicherheitsma\u00dfnahmen ergriffen, wie zum Beispiel:<\/p><ul data-start=\"2176\" data-end=\"2312\"><li data-section-id=\"q5v4uv\" data-start=\"2176\" data-end=\"2216\">Schutz vor unbefugtem Zugriff;<\/li><li data-section-id=\"1xzw1v0\" data-start=\"2217\" data-end=\"2237\">Backup-Systeme;<\/li><li data-section-id=\"8o5j2r\" data-start=\"2238\" data-end=\"2264\">Firewall und \u00dcberwachung;<\/li><li data-section-id=\"5ilqb5\" data-start=\"2265\" data-end=\"2312\">Schutz von Servern und Infrastruktur.<\/li><\/ul><h2 data-section-id=\"caeff6\" data-start=\"2319\" data-end=\"2355\">5. Rechtsgrundlage der Verarbeitung<\/h2><p data-start=\"2357\" data-end=\"2383\">Die Behandlung basiert auf:<\/p><ul data-start=\"2385\" data-end=\"2554\"><li data-section-id=\"16eemiy\" data-start=\"2385\" data-end=\"2424\">Durchf\u00fchrung von vorvertraglichen Ma\u00dfnahmen;<\/li><li data-section-id=\"1n2shy5\" data-start=\"2425\" data-end=\"2454\">die Erf\u00fcllung eines Vertrags;<\/li><li data-section-id=\"1ulwxcu\" data-start=\"2455\" data-end=\"2475\">rechtliche Verpflichtungen;<\/li><li data-section-id=\"viw8ju\" data-start=\"2476\" data-end=\"2511\">berechtigtes Interesse des f\u00fcr die Verarbeitung Verantwortlichen;<\/li><li data-section-id=\"119awc6\" data-start=\"2512\" data-end=\"2554\">Zustimmung des Benutzers (falls erforderlich).<\/li><\/ul><h2 data-section-id=\"1ivc8ln\" data-start=\"2561\" data-end=\"2589\">6. \u00dcbermittlung von Daten<\/h2><p data-start=\"2591\" data-end=\"2660\">Die Daten werden nicht verkauft oder zu kommerziellen Zwecken an Dritte weitergegeben.<\/p><p data-start=\"2662\" data-end=\"2690\">Sie k\u00f6nnen mit ihnen kommunizieren:<\/p><ul data-start=\"2692\" data-end=\"2880\"><li data-section-id=\"4ga5f6\" data-start=\"2692\" data-end=\"2711\">Hosting-Anbieter;<\/li><li data-section-id=\"gau7y1\" data-start=\"2712\" data-end=\"2744\">Anbieter digitaler Dienste;<\/li><li data-section-id=\"11r8x8m\" data-start=\"2745\" data-end=\"2776\">technische oder steuerliche Berater;<\/li><li data-section-id=\"pjmolf\" data-start=\"2777\" data-end=\"2832\">Marketing- oder Analyseplattformen (falls verwendet);<\/li><li data-section-id=\"1wadefs\" data-start=\"2833\" data-end=\"2880\">zust\u00e4ndige Beh\u00f6rden (falls gesetzlich vorgeschrieben).<\/li><\/ul><h2 data-section-id=\"14brmtj\" data-start=\"2887\" data-end=\"2915\">7. Extra-EU-\u00dcberweisung<\/h2><p data-start=\"2917\" data-end=\"3062\">Jegliche Daten\u00fcbermittlung in Nicht-EU-L\u00e4nder erfolgt in \u00dcbereinstimmung mit der DSGVO und mit angemessenen Schutzma\u00dfnahmen (z.B. Standardvertragsklauseln).<\/p><h2 data-section-id=\"1lfu21x\" data-start=\"3069\" data-end=\"3097\">8. Aufbewahrung von Daten<\/h2><p data-start=\"3099\" data-end=\"3126\">Die Daten werden gespeichert f\u00fcr:<\/p><ul data-start=\"3128\" data-end=\"3322\"><li data-section-id=\"11tte6e\" data-start=\"3128\" data-end=\"3177\">Anfragen durch Kontakt: bis zu <strong data-start=\"3165\" data-end=\"3176\">24 Monate;<\/strong><\/li><li data-section-id=\"ubrqhi\" data-start=\"3178\" data-end=\"3221\">gewerbliche Zwecke: bis zu <strong data-start=\"3209\" data-end=\"3220\">24 Monate<\/strong>;<\/li><li data-section-id=\"x9v8xv\" data-start=\"3222\" data-end=\"3274\">Marketing (falls aktiv): bis zum Widerruf der Zustimmung;<\/li><li data-section-id=\"1x0vqpv\" data-start=\"3275\" data-end=\"3322\">Technische Daten: gem\u00e4\u00df den Sicherheitsanforderungen.<\/li><\/ul><h2 data-section-id=\"1g9tr72\" data-start=\"3329\" data-end=\"3354\">9. Benutzerrechte<\/h2><p data-start=\"3356\" data-end=\"3369\">Der Benutzer kann:<\/p><ul data-start=\"3371\" data-end=\"3567\"><li data-section-id=\"1td1ab5\" data-start=\"3371\" data-end=\"3390\">Zugang zu Daten;<\/li><li data-section-id=\"clfnx5\" data-start=\"3391\" data-end=\"3430\">eine Berichtigung oder L\u00f6schung beantragen;<\/li><li data-section-id=\"1vqj34x\" data-start=\"3431\" data-end=\"3467\">die Verarbeitung einzuschr\u00e4nken oder abzulehnen;<\/li><li data-section-id=\"jtgob\" data-start=\"3468\" data-end=\"3502\">Daten\u00fcbertragbarkeit beantragen;<\/li><li data-section-id=\"whyrrf\" data-start=\"3503\" data-end=\"3526\">die Zustimmung zur\u00fcckziehen;<\/li><li data-section-id=\"38byip\" data-start=\"3527\" data-end=\"3567\">eine Beschwerde bei der Datenschutz-Garantie einreichen.<\/li><\/ul><p data-start=\"3569\" data-end=\"3621\">Zur Aus\u00fcbung der Rechte:<br data-start=\"3594\" data-end=\"3597\"\/>E-Mail<\/p><h2 data-section-id=\"7fyzcg\" data-start=\"3628\" data-end=\"3644\">10. Sicherheit<\/h2><p data-start=\"3646\" data-end=\"3774\">Die Website ergreift geeignete technische und organisatorische Ma\u00dfnahmen, um Daten vor unbefugtem Zugriff, Verlust oder Ver\u00e4nderung zu sch\u00fctzen.<\/p><h2 data-section-id=\"19y7emd\" data-start=\"3781\" data-end=\"3797\">11. \u00c4nderungen<\/h2><p data-start=\"3799\" data-end=\"3895\">Dieser Hinweis kann aktualisiert werden. \u00c4nderungen werden auf dieser Seite ver\u00f6ffentlicht. <\/p><h2 data-section-id=\"16c3d8s\" data-start=\"3902\" data-end=\"3915\">12. Cookies<\/h2><p data-start=\"3917\" data-end=\"3987\">Informationen \u00fcber Cookies finden Sie in der <a href=\"https:\/\/cybergeniushub.it\/de\/cookie-politik\/\"><strong data-start=\"3960\" data-end=\"3977\">Cookie-Richtlinie<\/strong><\/a> der Website.<\/p>\t\t\t\t\t\t\t\t<\/div>\n\t\t\t\t\t<\/div>\n\t\t\t\t<\/div>\n\t\t\t\t<\/div>\n\t\t","protected":false},"excerpt":{"rendered":"<p>DATENSCHUTZPOLITIK Zuletzt aktualisiert: M\u00e4rz 2026 Diese Datenschutzrichtlinie beschreibt, wie die Website www.cybergeniushub.it die pers\u00f6nlichen Daten der Nutzer sammelt, verwendet und sch\u00fctzt, in \u00dcbereinstimmung mit der Verordnung (EU) 2016\/679 (&#8222;GDPR&#8220;) und dem Gesetzesdekret 196\/2003 in seiner ge\u00e4nderten Fassung. 1. Datenkontrolleur Der f\u00fcr die Datenverarbeitung Verantwortliche ist: Emanuele Ambrogio CislaghiHauptsitz: Via Della Repubblica 1, 20044 Arese (MI)E-Mail: [&hellip;]<\/p>\n","protected":false},"author":2,"featured_media":0,"parent":0,"menu_order":0,"comment_status":"closed","ping_status":"closed","template":"","meta":{"footnotes":""},"class_list":["post-763","page","type-page","status-publish","hentry"],"_links":{"self":[{"href":"https:\/\/cybergeniushub.it\/de\/wp-json\/wp\/v2\/pages\/763","targetHints":{"allow":["GET"]}}],"collection":[{"href":"https:\/\/cybergeniushub.it\/de\/wp-json\/wp\/v2\/pages"}],"about":[{"href":"https:\/\/cybergeniushub.it\/de\/wp-json\/wp\/v2\/types\/page"}],"author":[{"embeddable":true,"href":"https:\/\/cybergeniushub.it\/de\/wp-json\/wp\/v2\/users\/2"}],"replies":[{"embeddable":true,"href":"https:\/\/cybergeniushub.it\/de\/wp-json\/wp\/v2\/comments?post=763"}],"version-history":[{"count":1,"href":"https:\/\/cybergeniushub.it\/de\/wp-json\/wp\/v2\/pages\/763\/revisions"}],"predecessor-version":[{"id":764,"href":"https:\/\/cybergeniushub.it\/de\/wp-json\/wp\/v2\/pages\/763\/revisions\/764"}],"wp:attachment":[{"href":"https:\/\/cybergeniushub.it\/de\/wp-json\/wp\/v2\/media?parent=763"}],"curies":[{"name":"wp","href":"https:\/\/api.w.org\/{rel}","templated":true}]}}