{"id":708,"date":"2026-03-24T09:33:40","date_gmt":"2026-03-24T09:33:40","guid":{"rendered":"https:\/\/cybergeniushub.it\/politique-en-matiere-de-cookies\/"},"modified":"2026-04-30T05:51:46","modified_gmt":"2026-04-30T05:51:46","slug":"politique-en-matiere-de-cookies","status":"publish","type":"page","link":"https:\/\/cybergeniushub.it\/fr\/politique-en-matiere-de-cookies\/","title":{"rendered":"POLITIQUE EN MATI\u00c8RE DE COOKIES"},"content":{"rendered":"\t\t<div data-elementor-type=\"wp-page\" data-elementor-id=\"708\" class=\"elementor elementor-708 elementor-208\" data-elementor-post-type=\"page\">\n\t\t\t\t<div class=\"elementor-element elementor-element-4dee10e3 e-flex e-con-boxed e-con e-parent\" data-id=\"4dee10e3\" data-element_type=\"container\" data-e-type=\"container\" data-settings=\"{&quot;background_background&quot;:&quot;gradient&quot;}\">\n\t\t\t\t\t<div class=\"e-con-inner\">\n\t\t\t\t<div class=\"elementor-element elementor-element-3b851c87 elementor-widget elementor-widget-heading\" data-id=\"3b851c87\" data-element_type=\"widget\" data-e-type=\"widget\" data-widget_type=\"heading.default\">\n\t\t\t\t\t<h1 class=\"elementor-heading-title elementor-size-default\">POLITIQUE EN MATI\u00c8RE DE COOKIES<\/h1>\t\t\t\t<\/div>\n\t\t\t\t\t<\/div>\n\t\t\t\t<\/div>\n\t\t<div class=\"elementor-element elementor-element-dc7f0d e-flex e-con-boxed e-con e-parent\" data-id=\"dc7f0d\" data-element_type=\"container\" data-e-type=\"container\">\n\t\t\t\t\t<div class=\"e-con-inner\">\n\t\t\t\t<div class=\"elementor-element elementor-element-381663b elementor-widget elementor-widget-text-editor\" data-id=\"381663b\" data-element_type=\"widget\" data-e-type=\"widget\" data-widget_type=\"text-editor.default\">\n\t\t\t\t\t\t\t\t\t<p data-start=\"131\" data-end=\"163\">Derni\u00e8re mise \u00e0 jour : <strong>mars 2026<\/strong><\/p><p data-start=\"165\" data-end=\"344\">La pr\u00e9sente politique en mati\u00e8re de cookies d\u00e9crit l&rsquo;utilisation des cookies par <a class=\"decorated-link\" href=\"https:\/\/cybergeniushub.it\/?utm_source=chatgpt.com\" target=\"_new\" rel=\"noopener\" data-start=\"240\" data-end=\"266\">www.cybergeniushub.it,<\/a> conform\u00e9ment au r\u00e8glement (UE) 2016\/679 (GDPR) et au r\u00e8glement ePrivacy.<\/p><h2 data-section-id=\"pw7xzo\" data-start=\"351\" data-end=\"375\">1. Qu&rsquo;est-ce qu&rsquo;un cookie ?<\/h2><p data-start=\"377\" data-end=\"563\">Les cookies sont des fichiers texte que les sites web stockent sur l&rsquo;appareil de l&rsquo;utilisateur afin d&rsquo;am\u00e9liorer l&rsquo;exp\u00e9rience de navigation, de collecter des donn\u00e9es statistiques et de fournir un contenu personnalis\u00e9.<\/p><h2 data-section-id=\"132ib9n\" data-start=\"570\" data-end=\"606\">2. Types de cookies utilis\u00e9s<\/h2><p data-start=\"608\" data-end=\"657\">Le site utilise les cat\u00e9gories de cookies suivantes :<\/p><h3 data-section-id=\"18mn9jf\" data-start=\"659\" data-end=\"689\">Cookies techniques (n\u00e9cessaires)<\/h3><p data-start=\"690\" data-end=\"791\">Ces cookies sont essentiels au fonctionnement du site et ne n\u00e9cessitent pas le consentement de l&rsquo;utilisateur.<\/p><p data-start=\"793\" data-end=\"805\">Ils sont utilis\u00e9s pour :<\/p><ul data-start=\"806\" data-end=\"871\"><li data-section-id=\"1oi1cxq\" data-start=\"806\" data-end=\"829\">la navigation sur le site ;<\/li><li data-section-id=\"f6yhzx\" data-start=\"830\" data-end=\"858\">la gestion des pr\u00e9f\u00e9rences ;<\/li><li data-section-id=\"1aeu7ks\" data-start=\"859\" data-end=\"871\">la s\u00e9curit\u00e9.<\/li><\/ul><h3 data-section-id=\"1m8ajeo\" data-start=\"878\" data-end=\"917\">Cookies analytiques (Google Analytics)<\/h3><p data-start=\"919\" data-end=\"1044\">Le site utilise Google Analytics, un service fourni par Google LLC, pour collecter des donn\u00e9es statistiques sur l&rsquo;utilisation du site.<\/p><p data-start=\"1046\" data-end=\"1098\">Ces cookies peuvent collecter des informations telles que<\/p><ul data-start=\"1099\" data-end=\"1197\"><li data-section-id=\"1xa4z9i\" data-start=\"1099\" data-end=\"1117\">pages visit\u00e9es ;<\/li><li data-section-id=\"1efkl8o\" data-start=\"1118\" data-end=\"1140\">le temps d&rsquo;attente ;<\/li><li data-section-id=\"gwsdat\" data-start=\"1141\" data-end=\"1168\">source de trafic ;<\/li><li data-section-id=\"x337dt\" data-start=\"1169\" data-end=\"1197\">le comportement de l&rsquo;utilisateur.<\/li><\/ul><p data-start=\"1199\" data-end=\"1270\">S&rsquo;ils ne sont pas rendus anonymes, ils ne sont activ\u00e9s qu&rsquo;avec le consentement de l&rsquo;utilisateur.<\/p><h3 data-section-id=\"16lrtrq\" data-start=\"1277\" data-end=\"1315\">Cookies de profilage et de marketing<\/h3><p data-start=\"1317\" data-end=\"1395\">Le site utilise des outils publicitaires pour afficher un contenu personnalis\u00e9.<\/p><p data-start=\"1397\" data-end=\"1456\">Meta Pixel (Facebook et Instagram Ads) est utilis\u00e9 pour :<\/p><ul data-start=\"1457\" data-end=\"1559\"><li data-section-id=\"gjj5lf\" data-start=\"1457\" data-end=\"1484\">le suivi des conversions ;<\/li><li data-section-id=\"1phb6ec\" data-start=\"1485\" data-end=\"1518\">cr\u00e9er des audiences personnalis\u00e9es ;<\/li><li data-section-id=\"v5t408\" data-start=\"1519\" data-end=\"1559\">optimiser les campagnes publicitaires.<\/li><\/ul><p data-start=\"1561\" data-end=\"1593\">Google Ads est utilis\u00e9 pour :<\/p><ul data-start=\"1594\" data-end=\"1677\"><li data-section-id=\"11sjr1c\" data-start=\"1594\" data-end=\"1608\">remarketing ;<\/li><li data-section-id=\"eqkil0\" data-start=\"1609\" data-end=\"1642\">le suivi des conversions ;<\/li><li data-section-id=\"yquhg2\" data-start=\"1643\" data-end=\"1677\">personnalisation des annonces.<\/li><\/ul><p data-start=\"1679\" data-end=\"1756\">Ces cookies ne sont install\u00e9s qu&rsquo;apr\u00e8s le consentement explicite de l&rsquo;utilisateur.<\/p><h3 data-section-id=\"137c8od\" data-start=\"1763\" data-end=\"1788\">Cookies de tiers<\/h3><p data-start=\"1790\" data-end=\"1897\">Le site utilise des services tiers qui peuvent installer des cookies sur l&rsquo;appareil de l&rsquo;utilisateur, notamment :<\/p><ul data-start=\"1899\" data-end=\"1988\"><li data-section-id=\"3t8mli\" data-start=\"1899\" data-end=\"1943\">Google LLC (Google Analytics et Google Ads)<\/li><li data-section-id=\"1fsrfnr\" data-start=\"1944\" data-end=\"1988\">Meta Platforms Inc. (Facebook et Instagram) <\/li><\/ul><p data-start=\"1990\" data-end=\"2079\">Les donn\u00e9es collect\u00e9es par ces parties sont trait\u00e9es conform\u00e9ment \u00e0 leurs politiques de confidentialit\u00e9 respectives.<\/p><h2 data-section-id=\"hi9vwb\" data-start=\"2086\" data-end=\"2113\">3. Gestion des consentements<\/h2><p data-start=\"2115\" data-end=\"2187\">Lorsqu&rsquo;il acc\u00e8de au site pour la premi\u00e8re fois, l&rsquo;utilisateur voit appara\u00eetre une banni\u00e8re qui lui permet de.. :<\/p><ul data-start=\"2189\" data-end=\"2275\"><li data-section-id=\"11gfbt0\" data-start=\"2189\" data-end=\"2216\">accepter tous les cookies ;<\/li><li data-section-id=\"1q6gvk0\" data-start=\"2217\" data-end=\"2250\">rejeter celles qui ne sont pas n\u00e9cessaires ;<\/li><li data-section-id=\"w11owm\" data-start=\"2251\" data-end=\"2275\">g\u00e9rer les pr\u00e9f\u00e9rences.<\/li><\/ul><p data-start=\"2277\" data-end=\"2388\">Le consentement peut \u00eatre modifi\u00e9 ou r\u00e9voqu\u00e9 \u00e0 tout moment via la banni\u00e8re ou les param\u00e8tres d\u00e9di\u00e9s.<\/p><h2 data-section-id=\"1my6uoj\" data-start=\"2395\" data-end=\"2431\">4. Base juridique du traitement<\/h2><ul data-start=\"2433\" data-end=\"2566\"><li data-section-id=\"1ubdwwq\" data-start=\"2433\" data-end=\"2471\">cookies techniques : int\u00e9r\u00eat l\u00e9gitime ;<\/li><li data-section-id=\"92ytmv\" data-start=\"2472\" data-end=\"2518\">cookies analytiques non anonymes : consentement ;<\/li><li data-section-id=\"nnq20a\" data-start=\"2519\" data-end=\"2566\">Cookies de profilage et de marketing : consentement.<\/li><\/ul><h2 data-section-id=\"yijg04\" data-start=\"2573\" data-end=\"2605\">5. Comment d\u00e9sactiver les cookies<\/h2><p data-start=\"2607\" data-end=\"2704\">Les utilisateurs peuvent g\u00e9rer ou d\u00e9sactiver les cookies directement \u00e0 partir des param\u00e8tres de leur navigateur.<\/p><p data-start=\"2706\" data-end=\"2797\">La d\u00e9sactivation des cookies techniques peut nuire au bon fonctionnement du site.<\/p><h2 data-section-id=\"1xrbfw7\" data-start=\"2804\" data-end=\"2834\">6. Responsable du traitement des donn\u00e9es<\/h2><p data-start=\"2836\" data-end=\"2973\"><strong>Emanuele Ambrogio Cislaghi<\/strong><br data-start=\"2870\" data-end=\"2873\"\/>Via Della Repubblica 1, 20044 Arese (MI)<br data-start=\"2903\" data-end=\"2906\"\/>Email : info@cybergeniushub.com<br data-start=\"2930\" data-end=\"2933\"\/>Num\u00e9ro de TVA : 10946060968<\/p><h2 data-section-id=\"v6lgrk\" data-start=\"2980\" data-end=\"3005\">7. Droits de l&rsquo;utilisateur<\/h2><p data-start=\"3007\" data-end=\"3068\">Les utilisateurs peuvent exercer leurs droits en vertu du GDPR, y compris :<\/p><ul data-start=\"3070\" data-end=\"3284\"><li data-section-id=\"gc6cp4\" data-start=\"3070\" data-end=\"3088\">l&rsquo;acc\u00e8s aux donn\u00e9es ;<\/li><li data-section-id=\"bbb3lf\" data-start=\"3089\" data-end=\"3117\">rectification ou annulation ;<\/li><li data-section-id=\"1rn7cpy\" data-start=\"3118\" data-end=\"3148\">limitation du traitement ;<\/li><li data-section-id=\"wfefgo\" data-start=\"3149\" data-end=\"3178\">l&rsquo;opposition au traitement ;<\/li><li data-section-id=\"1enk56p\" data-start=\"3179\" data-end=\"3202\">la portabilit\u00e9 des donn\u00e9es ;<\/li><li data-section-id=\"1itkhn8\" data-start=\"3203\" data-end=\"3225\">le retrait du consentement ;<\/li><li data-section-id=\"tjgbh6\" data-start=\"3226\" data-end=\"3284\">plainte aupr\u00e8s du Garante per la Protezione dei Dati Personali.<\/li><\/ul><p data-start=\"3286\" data-end=\"3341\">Pour exercer ces droits :<br data-start=\"3314\" data-end=\"3317\"\/>Courriel : info@cybergeniushub.com<\/p><h2 data-section-id=\"1ohch3r\" data-start=\"3348\" data-end=\"3391\">8. Modifications de la pr\u00e9sente politique en mati\u00e8re de cookies<\/h2><p data-start=\"3393\" data-end=\"3491\">La pr\u00e9sente politique en mati\u00e8re de cookies peut \u00eatre mise \u00e0 jour. Les modifications seront publi\u00e9es sur cette page. <\/p>\t\t\t\t\t\t\t\t<\/div>\n\t\t\t\t\t<\/div>\n\t\t\t\t<\/div>\n\t\t\t\t<\/div>\n\t\t","protected":false},"excerpt":{"rendered":"<p>POLITIQUE EN MATI\u00c8RE DE COOKIES Derni\u00e8re mise \u00e0 jour : mars 2026 La pr\u00e9sente politique en mati\u00e8re de cookies d\u00e9crit l&rsquo;utilisation des cookies par www.cybergeniushub.it, conform\u00e9ment au r\u00e8glement (UE) 2016\/679 (GDPR) et au r\u00e8glement ePrivacy. 1. Qu&rsquo;est-ce qu&rsquo;un cookie ? Les cookies sont des fichiers texte que les sites web stockent sur l&rsquo;appareil de l&rsquo;utilisateur [&hellip;]<\/p>\n","protected":false},"author":2,"featured_media":0,"parent":0,"menu_order":0,"comment_status":"closed","ping_status":"closed","template":"","meta":{"footnotes":""},"class_list":["post-708","page","type-page","status-publish","hentry"],"_links":{"self":[{"href":"https:\/\/cybergeniushub.it\/fr\/wp-json\/wp\/v2\/pages\/708","targetHints":{"allow":["GET"]}}],"collection":[{"href":"https:\/\/cybergeniushub.it\/fr\/wp-json\/wp\/v2\/pages"}],"about":[{"href":"https:\/\/cybergeniushub.it\/fr\/wp-json\/wp\/v2\/types\/page"}],"author":[{"embeddable":true,"href":"https:\/\/cybergeniushub.it\/fr\/wp-json\/wp\/v2\/users\/2"}],"replies":[{"embeddable":true,"href":"https:\/\/cybergeniushub.it\/fr\/wp-json\/wp\/v2\/comments?post=708"}],"version-history":[{"count":3,"href":"https:\/\/cybergeniushub.it\/fr\/wp-json\/wp\/v2\/pages\/708\/revisions"}],"predecessor-version":[{"id":712,"href":"https:\/\/cybergeniushub.it\/fr\/wp-json\/wp\/v2\/pages\/708\/revisions\/712"}],"wp:attachment":[{"href":"https:\/\/cybergeniushub.it\/fr\/wp-json\/wp\/v2\/media?parent=708"}],"curies":[{"name":"wp","href":"https:\/\/api.w.org\/{rel}","templated":true}]}}